{"id":1133,"date":"2025-09-14T21:07:58","date_gmt":"2025-09-14T21:07:58","guid":{"rendered":"https:\/\/revoomarket.com\/?page_id=1133"},"modified":"2025-09-15T22:11:22","modified_gmt":"2025-09-15T22:11:22","slug":"quienes-somos","status":"publish","type":"page","link":"https:\/\/revoomarket.com\/en\/quienes-somos\/","title":{"rendered":"Qui\u00e9nes Somos"},"content":{"rendered":"<div data-elementor-type=\"wp-page\" data-elementor-id=\"1133\" class=\"elementor elementor-1133\">\n\t\t\t\t<div class=\"elementor-element elementor-element-a35b836 e-con-full e-flex e-con e-parent\" data-id=\"a35b836\" data-element_type=\"container\" data-settings=\"{&quot;background_background&quot;:&quot;classic&quot;}\">\n\t\t\t\t<div class=\"elementor-element elementor-element-e38ccdb elementor-widget elementor-widget-html\" data-id=\"e38ccdb\" data-element_type=\"widget\" data-settings=\"{&quot;_animation&quot;:&quot;none&quot;}\" data-widget_type=\"html.default\">\n\t\t\t\t\t<style>\r\n    .about-us-hero {\r\n        font-family: inherit;\r\n        text-align: center;\r\n        max-width: 800px;\r\n        margin: 0 auto; \/* Centra el bloque de texto *\/\r\n        padding: 20px;\r\n    }\r\n    .about-us-hero h1 {\r\n        font-size: clamp(2.5rem, 5vw, 3.8rem);\r\n        font-weight: 800;\r\n        line-height: 1.2;\r\n        margin-top: 0;\r\n        margin-bottom: 25px;\r\n        color: #ffffff !important;\r\n    }\r\n    .about-us-hero p {\r\n        font-size: clamp(1.1rem, 2.5vw, 1.25rem);\r\n        line-height: 1.6;\r\n        opacity: 0.9;\r\n        margin: 0;\r\n        color: #ffffff !important;\r\n    }\r\n<\/style>\r\n\r\n<div class=\"about-us-hero\">\r\n    <h1>\r\n        Calidad de estreno para ti.<br>Un respiro para el planeta.\r\n    <\/h1>\r\n    <p>\r\n        En Revoomarket, creemos en una forma mejor de disfrutar de la tecnolog\u00eda. Una forma m\u00e1s justa, m\u00e1s asequible y m\u00e1s amable con el medio ambiente. Por eso existimos.\r\n    <\/p>\r\n<\/div>\t\t\t\t<\/div>\n\t\t\t\t<\/div>\n\t\t\t\t<\/div>","protected":false},"excerpt":{"rendered":"<p>Calidad de estreno para ti.Un respiro para el planeta. En Revoomarket, creemos en una forma mejor de disfrutar de la tecnolog\u00eda. Una forma m\u00e1s justa, m\u00e1s asequible y m\u00e1s amable con el medio ambiente. Por eso existimos.<\/p>","protected":false},"author":1,"featured_media":0,"parent":0,"menu_order":0,"comment_status":"closed","ping_status":"closed","template":"","meta":{"footnotes":""},"class_list":["post-1133","page","type-page","status-publish","hentry"],"blocksy_meta":[],"_links":{"self":[{"href":"https:\/\/revoomarket.com\/en\/wp-json\/wp\/v2\/pages\/1133","targetHints":{"allow":["GET"]}}],"collection":[{"href":"https:\/\/revoomarket.com\/en\/wp-json\/wp\/v2\/pages"}],"about":[{"href":"https:\/\/revoomarket.com\/en\/wp-json\/wp\/v2\/types\/page"}],"author":[{"embeddable":true,"href":"https:\/\/revoomarket.com\/en\/wp-json\/wp\/v2\/users\/1"}],"replies":[{"embeddable":true,"href":"https:\/\/revoomarket.com\/en\/wp-json\/wp\/v2\/comments?post=1133"}],"version-history":[{"count":25,"href":"https:\/\/revoomarket.com\/en\/wp-json\/wp\/v2\/pages\/1133\/revisions"}],"predecessor-version":[{"id":1164,"href":"https:\/\/revoomarket.com\/en\/wp-json\/wp\/v2\/pages\/1133\/revisions\/1164"}],"wp:attachment":[{"href":"https:\/\/revoomarket.com\/en\/wp-json\/wp\/v2\/media?parent=1133"}],"curies":[{"name":"wp","href":"https:\/\/api.w.org\/{rel}","templated":true}]}}